{"id":5709,"date":"2025-10-15T08:40:38","date_gmt":"2025-10-15T08:40:38","guid":{"rendered":"https:\/\/wile.ee\/?post_type=product&#038;p=5709"},"modified":"2026-03-11T18:47:00","modified_gmt":"2026-03-11T17:47:00","slug":"wile-alpakalong-2x-hall","status":"publish","type":"product","link":"https:\/\/wile.ee\/ru\/toode\/wile-alpakalong-2x-hall\/","title":{"rendered":"Wile alpakal\u00f5ng 2x hall"},"content":{"rendered":"<p>L\u00f5nga v\u00e4rv v\u00f5ib ekraanil n\u00e4htust tegelikkuses pisut erineda.<\/p>\n","protected":false},"excerpt":{"rendered":"<p>Hall 100% alpakal\u00f5ng \u2013 Wile Farm<\/p>\n<p>See pehme ja siidine l\u00f5ng on valmistatud meie Wile Farmi hallide alpakade villast, mis p\u00fcgati 2025. aasta kevadel.<br \/>\nL\u00f5ng on 2-kordne ning 100 grammis on ligikaudu 251 meetrit luksuslikult pehmet kiudu \u2013 ideaalne kudumiseks, mille tulemus on \u00fchtaegu soe, kerge ja vastupidav.<\/p>\n<p>Alpakavill on looduslikult l\u00e4ikiv ja siidine, tuntud oma erakordse soojuse poolest. Seda peetakse lambavillast kuni seitse korda soojemaks. Alpakavill ei sisalda lanoliini, mist\u00f5ttu on see mitte-torkiv ja sobib suurep\u00e4raselt ka tundliku nahaga inimestele.<\/p>\n<p>Meie hallil l\u00f5ngal on \u00f5rn pruunikas alatoon, mis tuleneb hallide alpakade villa looduslikest pruunitest laigukestest. See annab l\u00f5ngale ainulaadse, elava varjundi ja loomuliku s\u00fcgavuse.<\/p>\n<p>Fotol olev vest on kootud vardaga nr 4, l\u00f5nga kulus 200 grammi.<\/p>\n<p>Alpakasid leidub 22 erinevas looduslikus toonis \u2013 hall l\u00f5ng on elegantne ja ajatu valik, mis sobib suurep\u00e4raselt nii kampsunite, m\u00fctside kui ka sallide kudumiseks.<\/p>\n<p>Wile Farmi alpakade villast valmistatud l\u00f5ng kannab Eesti Rahvakunsti ja K\u00e4sit\u00f6\u00f6 Liidu OMA m\u00e4rki, mis t\u00e4histab eetiliselt kogutud ja t\u00f6\u00f6deldud kohalikku materjali \u2013 t\u00f5elist Eesti k\u00e4sit\u00f6\u00f6 kvaliteeti ja loodusl\u00e4hedust.<\/p>\n","protected":false},"featured_media":5693,"comment_status":"open","ping_status":"closed","template":"","meta":[],"product_brand":[],"product_cat":[22,55],"product_tag":[311,466,468,331,460,469,297,467,502],"class_list":{"0":"post-5709","1":"product","2":"type-product","3":"status-publish","4":"has-post-thumbnail","6":"product_cat-alpakavillast-tooted","7":"product_cat-long","8":"product_tag-alpaka","9":"product_tag-alpaka-long","10":"product_tag-alpaka-vill","11":"product_tag-alpaka-villane","12":"product_tag-alpakalong","13":"product_tag-alpakavill","14":"product_tag-alpakavillane","15":"product_tag-alpakavillane-long","16":"product_tag-long","18":"first","19":"instock","20":"featured","21":"taxable","22":"shipping-taxable","23":"purchasable","24":"product-type-variable","25":"has-default-attributes"},"_links":{"self":[{"href":"https:\/\/wile.ee\/ru\/wp-json\/wp\/v2\/product\/5709","targetHints":{"allow":["GET"]}}],"collection":[{"href":"https:\/\/wile.ee\/ru\/wp-json\/wp\/v2\/product"}],"about":[{"href":"https:\/\/wile.ee\/ru\/wp-json\/wp\/v2\/types\/product"}],"replies":[{"embeddable":true,"href":"https:\/\/wile.ee\/ru\/wp-json\/wp\/v2\/comments?post=5709"}],"wp:featuredmedia":[{"embeddable":true,"href":"https:\/\/wile.ee\/ru\/wp-json\/wp\/v2\/media\/5693"}],"wp:attachment":[{"href":"https:\/\/wile.ee\/ru\/wp-json\/wp\/v2\/media?parent=5709"}],"wp:term":[{"taxonomy":"product_brand","embeddable":true,"href":"https:\/\/wile.ee\/ru\/wp-json\/wp\/v2\/product_brand?post=5709"},{"taxonomy":"product_cat","embeddable":true,"href":"https:\/\/wile.ee\/ru\/wp-json\/wp\/v2\/product_cat?post=5709"},{"taxonomy":"product_tag","embeddable":true,"href":"https:\/\/wile.ee\/ru\/wp-json\/wp\/v2\/product_tag?post=5709"}],"curies":[{"name":"wp","href":"https:\/\/api.w.org\/{rel}","templated":true}]}}