{"id":5148,"date":"2024-07-11T13:22:15","date_gmt":"2024-07-11T13:22:15","guid":{"rendered":"https:\/\/wile.ee\/?post_type=product&#038;p=5148"},"modified":"2026-01-03T06:59:18","modified_gmt":"2026-01-03T05:59:18","slug":"wile-long-3x-hallikaspruun","status":"publish","type":"product","link":"https:\/\/wile.ee\/ru\/toode\/wile-long-3x-hallikaspruun\/","title":{"rendered":"Wile l\u00f5ng 3x hallikaspruun"},"content":{"rendered":"<p>L\u00f5nga v\u00e4rv v\u00f5ib ekraanil n\u00e4htust tegelikkuses pisut erineda.<\/p>\n","protected":false},"excerpt":{"rendered":"<p>Omap\u00e4rase hallikaspruuni tooni saime valgele alpakavillale pruuni alpakavilla lisamisega.<\/p>\n<p>L\u00f5ng on valmistatud alpakade 2024.aasta kevadel p\u00fcgatud pehmest ja soojast villast.<\/p>\n<p>L\u00f5ng on 3-kordne ja 100 grammis on umbes 226 meetrit l\u00f5nga.<\/p>\n<p>Alpaka vill on l\u00e4ikiv ja siidine, pehme ning luksuslik. Alpakavilla peetakse lambavillast 7 korda soojemaks ja 3 korda tugevamaks, see ei ole torkiv ning ei sisalda lanoliini, olles seega allergiavaba. Villa esineb 22 erinevas looduslikus toonis.<\/p>\n<p>&nbsp;<\/p>\n<p><em>Wile Farmis kasvanud alpakade villast valmistatud l\u00f5ng kannab Eesti Rahvakunsti ja K\u00e4sit\u00f6\u00f6 Liidu poolt v\u00e4ljastatud\u00a0<strong>OMA<\/strong>\u00a0m\u00e4rki. M\u00e4rk\u00a0<strong>OMA<\/strong>\u00a0t\u00e4histab Eesti loodusest p\u00e4rit eetiliselt kogutud ja t\u00f6\u00f6deldud materjali.<\/em><\/p>\n","protected":false},"featured_media":5165,"comment_status":"closed","ping_status":"closed","template":"","meta":[],"product_brand":[],"product_cat":[22,55],"product_tag":[311,466,468,331,460,469,297,467,502],"class_list":{"0":"post-5148","1":"product","2":"type-product","3":"status-publish","4":"has-post-thumbnail","6":"product_cat-alpakavillast-tooted","7":"product_cat-long","8":"product_tag-alpaka","9":"product_tag-alpaka-long","10":"product_tag-alpaka-vill","11":"product_tag-alpaka-villane","12":"product_tag-alpakalong","13":"product_tag-alpakavill","14":"product_tag-alpakavillane","15":"product_tag-alpakavillane-long","16":"product_tag-long","18":"first","19":"instock","20":"taxable","21":"shipping-taxable","22":"purchasable","23":"product-type-variable","24":"has-default-attributes"},"_links":{"self":[{"href":"https:\/\/wile.ee\/ru\/wp-json\/wp\/v2\/product\/5148","targetHints":{"allow":["GET"]}}],"collection":[{"href":"https:\/\/wile.ee\/ru\/wp-json\/wp\/v2\/product"}],"about":[{"href":"https:\/\/wile.ee\/ru\/wp-json\/wp\/v2\/types\/product"}],"replies":[{"embeddable":true,"href":"https:\/\/wile.ee\/ru\/wp-json\/wp\/v2\/comments?post=5148"}],"wp:featuredmedia":[{"embeddable":true,"href":"https:\/\/wile.ee\/ru\/wp-json\/wp\/v2\/media\/5165"}],"wp:attachment":[{"href":"https:\/\/wile.ee\/ru\/wp-json\/wp\/v2\/media?parent=5148"}],"wp:term":[{"taxonomy":"product_brand","embeddable":true,"href":"https:\/\/wile.ee\/ru\/wp-json\/wp\/v2\/product_brand?post=5148"},{"taxonomy":"product_cat","embeddable":true,"href":"https:\/\/wile.ee\/ru\/wp-json\/wp\/v2\/product_cat?post=5148"},{"taxonomy":"product_tag","embeddable":true,"href":"https:\/\/wile.ee\/ru\/wp-json\/wp\/v2\/product_tag?post=5148"}],"curies":[{"name":"wp","href":"https:\/\/api.w.org\/{rel}","templated":true}]}}