{"id":5125,"date":"2024-07-11T12:58:30","date_gmt":"2024-07-11T12:58:30","guid":{"rendered":"https:\/\/wile.ee\/?post_type=product&#038;p=5125"},"modified":"2025-12-10T07:07:55","modified_gmt":"2025-12-10T06:07:55","slug":"wile-alpakalong-3x-tumepruun-2","status":"publish","type":"product","link":"https:\/\/wile.ee\/ru\/toode\/wile-alpakalong-3x-tumepruun-2\/","title":{"rendered":"Wile alpakal\u00f5ng 3x tumepruun"},"content":{"rendered":"<p>L\u00f5nga v\u00e4rv v\u00f5ib ekraanil n\u00e4htust tegelikkuses pisut erineda.<\/p>\n","protected":false},"excerpt":{"rendered":"<p>L\u00f5ng on kedratud Wile farmi pruunide alpakade 2024.aastal p\u00fcgatud villast.<\/p>\n<p>L\u00f5ng on 3-kordne ja 100 grammis on umbes 223 meetrit l\u00f5nga.<\/p>\n<p>Alpaka vill on l\u00e4ikiv ja siidine, pehme ning luksuslik. Alpakavilla peetakse lambavillast 7 korda soojemaks ja 3 korda tugevamaks, see ei ole torkiv ning ei sisalda lanoliini, olles seega allergiavaba. Villa esineb 22 erinevas looduslikus toonis.<\/p>\n<p>&nbsp;<\/p>\n<p><em>Wile Farmis kasvanud alpakade villast valmistatud l\u00f5ng kannab Eesti Rahvakunsti ja K\u00e4sit\u00f6\u00f6 Liidu poolt v\u00e4ljastatud\u00a0<strong>OMA<\/strong>\u00a0m\u00e4rki. M\u00e4rk\u00a0<strong>OMA<\/strong>\u00a0t\u00e4histab Eesti loodusest p\u00e4rit eetiliselt kogutud ja t\u00f6\u00f6deldud materjali.<\/em><\/p>\n","protected":false},"featured_media":5126,"comment_status":"open","ping_status":"closed","template":"","meta":[],"product_brand":[],"product_cat":[22,55],"product_tag":[311,466,331,460,469,297,467,502],"class_list":{"0":"post-5125","1":"product","2":"type-product","3":"status-publish","4":"has-post-thumbnail","6":"product_cat-alpakavillast-tooted","7":"product_cat-long","8":"product_tag-alpaka","9":"product_tag-alpaka-long","10":"product_tag-alpaka-villane","11":"product_tag-alpakalong","12":"product_tag-alpakavill","13":"product_tag-alpakavillane","14":"product_tag-alpakavillane-long","15":"product_tag-long","17":"first","18":"instock","19":"taxable","20":"shipping-taxable","21":"purchasable","22":"product-type-variable","23":"has-default-attributes"},"_links":{"self":[{"href":"https:\/\/wile.ee\/ru\/wp-json\/wp\/v2\/product\/5125","targetHints":{"allow":["GET"]}}],"collection":[{"href":"https:\/\/wile.ee\/ru\/wp-json\/wp\/v2\/product"}],"about":[{"href":"https:\/\/wile.ee\/ru\/wp-json\/wp\/v2\/types\/product"}],"replies":[{"embeddable":true,"href":"https:\/\/wile.ee\/ru\/wp-json\/wp\/v2\/comments?post=5125"}],"wp:featuredmedia":[{"embeddable":true,"href":"https:\/\/wile.ee\/ru\/wp-json\/wp\/v2\/media\/5126"}],"wp:attachment":[{"href":"https:\/\/wile.ee\/ru\/wp-json\/wp\/v2\/media?parent=5125"}],"wp:term":[{"taxonomy":"product_brand","embeddable":true,"href":"https:\/\/wile.ee\/ru\/wp-json\/wp\/v2\/product_brand?post=5125"},{"taxonomy":"product_cat","embeddable":true,"href":"https:\/\/wile.ee\/ru\/wp-json\/wp\/v2\/product_cat?post=5125"},{"taxonomy":"product_tag","embeddable":true,"href":"https:\/\/wile.ee\/ru\/wp-json\/wp\/v2\/product_tag?post=5125"}],"curies":[{"name":"wp","href":"https:\/\/api.w.org\/{rel}","templated":true}]}}