{"id":5025,"date":"2024-02-18T12:06:19","date_gmt":"2024-02-18T12:06:19","guid":{"rendered":"https:\/\/wile.ee\/?post_type=product&#038;p=5025"},"modified":"2026-01-30T08:31:05","modified_gmt":"2026-01-30T07:31:05","slug":"alpakavillane-muts-grunge-ja-soonikkaelus","status":"publish","type":"product","link":"https:\/\/wile.ee\/ru\/toode\/alpakavillane-muts-grunge-ja-soonikkaelus\/","title":{"rendered":"Alpakavillane m\u00fcts Grunge ja soonikkaelus"},"content":{"rendered":"","protected":false},"excerpt":{"rendered":"<p>Soe ja pehme alpakavillane m\u00fcts Grunge on kootud kahekordsena, et hoida sinu pea soojas ka k\u00fclmematel talvep\u00e4evadel. M\u00fctsi pikkus on u 29 cm.<\/p>\n<p>Alpakavillane kaelus teeb kaelale pai ja hoiab k\u00fclma eemal. Soonikkude aitab kaeluse kenasti \u00fcmber kaela hoida.<\/p>\n<p>Alpkakavillased Grunge m\u00fcts ja soonikkaelus on stiilsed, pretensioonitud ja sootud, sobides seega kandmiseks nii naistele kui ka meestele. V\u00f5id neid kanda nii rabamatkal kui kasutada aksessuaarina mantli juurde teatrisse minnes.<\/p>\n<p>Alpakavill on lambavillast kordi soojem, hingav ning ei sisalda lanoliini, olles seega allergiavaba.<\/p>\n<p>Tooted on kootud Kesk-Eestis, T\u00fcril.<\/p>\n<p>\u00c4ra lase k\u00fclmal talveilmal ennast heidutada ja pane p\u00e4he alpakavillane m\u00fcts ning kaitse kaela alpakavillase soonikkaelusega!<\/p>\n","protected":false},"featured_media":5039,"comment_status":"closed","ping_status":"closed","template":"","meta":[],"product_brand":[],"product_cat":[22,40,44],"product_tag":[510,466,465,470,331,477,473,460,478,471,297,548,458,472,508,509,476,332],"class_list":{"0":"post-5025","1":"product","2":"type-product","3":"status-publish","4":"has-post-thumbnail","6":"product_cat-alpakavillast-tooted","7":"product_cat-mutsid","8":"product_cat-sallid","9":"product_tag-alpaka-kaelus","10":"product_tag-alpaka-long","11":"product_tag-alpaka-muts","12":"product_tag-alpaka-sall","13":"product_tag-alpaka-villane","14":"product_tag-alpaka-villane-muts","15":"product_tag-alpaka-villane-sall","16":"product_tag-alpakalong","17":"product_tag-alpakamuts","18":"product_tag-alpakasall","19":"product_tag-alpakavillane","20":"product_tag-alpakavillane-komplekt","21":"product_tag-alpakavillane-muts","22":"product_tag-alpakavillane-sall","23":"product_tag-kaelus","24":"product_tag-kaelussall","25":"product_tag-muts","26":"product_tag-sall","28":"first","29":"instock","30":"taxable","31":"shipping-taxable","32":"purchasable","33":"product-type-variable"},"_links":{"self":[{"href":"https:\/\/wile.ee\/ru\/wp-json\/wp\/v2\/product\/5025","targetHints":{"allow":["GET"]}}],"collection":[{"href":"https:\/\/wile.ee\/ru\/wp-json\/wp\/v2\/product"}],"about":[{"href":"https:\/\/wile.ee\/ru\/wp-json\/wp\/v2\/types\/product"}],"replies":[{"embeddable":true,"href":"https:\/\/wile.ee\/ru\/wp-json\/wp\/v2\/comments?post=5025"}],"wp:featuredmedia":[{"embeddable":true,"href":"https:\/\/wile.ee\/ru\/wp-json\/wp\/v2\/media\/5039"}],"wp:attachment":[{"href":"https:\/\/wile.ee\/ru\/wp-json\/wp\/v2\/media?parent=5025"}],"wp:term":[{"taxonomy":"product_brand","embeddable":true,"href":"https:\/\/wile.ee\/ru\/wp-json\/wp\/v2\/product_brand?post=5025"},{"taxonomy":"product_cat","embeddable":true,"href":"https:\/\/wile.ee\/ru\/wp-json\/wp\/v2\/product_cat?post=5025"},{"taxonomy":"product_tag","embeddable":true,"href":"https:\/\/wile.ee\/ru\/wp-json\/wp\/v2\/product_tag?post=5025"}],"curies":[{"name":"wp","href":"https:\/\/api.w.org\/{rel}","templated":true}]}}