{"id":4681,"date":"2023-10-19T11:31:38","date_gmt":"2023-10-19T11:31:38","guid":{"rendered":"https:\/\/wile.ee\/?post_type=product&#038;p=4681"},"modified":"2026-02-11T20:14:16","modified_gmt":"2026-02-11T19:14:16","slug":"alpakavillane-muts-urban","status":"publish","type":"product","link":"https:\/\/wile.ee\/ru\/toode\/alpakavillane-muts-urban\/","title":{"rendered":"Alpakavillane m\u00fcts Urban"},"content":{"rendered":"","protected":false},"excerpt":{"rendered":"<p>Soe ja superpehme alpakavillane m\u00fcts Urban on kootud peenikesest l\u00f5ngast kahekordsena. M\u00fctsi \u00e4\u00e4r on \u00fcleskeeratav v\u00f5imaldadaes sul reguleerida m\u00fctsi pikkust. M\u00fcts hoiab pea ja k\u00f5rvad soojas ka k\u00fclmadel talvep\u00e4evadel.<\/p>\n<p>Urban m\u00fcts on stiilne, pretensioonitu ja sootu, sobides seega kandmiseks nii naistele kui ka meestele. Selle m\u00fctsiga v\u00f5id minna nii rabamatkale kui kasutada seda aksessuaarina mantli juurde teatrisse minnes.<\/p>\n<p>\u00c4ra lase k\u00fclmal talveilmal ennast heidutada ja pane p\u00e4he alpakavillane m\u00fcts!<\/p>\n<p>Alpakavill on lambavillast kordi pehmem ja soojem, hingav ning ei sisalda lanoliini, olles seega allergiavaba.<\/p>\n<p>M\u00fcts on kootud Kesk-Eestis, T\u00fcril.<\/p>\n","protected":false},"featured_media":5767,"comment_status":"closed","ping_status":"closed","template":"","meta":[],"product_brand":[],"product_cat":[22,40],"product_tag":[311,466,465,468,331,460,478,469,467,458,476],"class_list":{"0":"post-4681","1":"product","2":"type-product","3":"status-publish","4":"has-post-thumbnail","6":"product_cat-alpakavillast-tooted","7":"product_cat-mutsid","8":"product_tag-alpaka","9":"product_tag-alpaka-long","10":"product_tag-alpaka-muts","11":"product_tag-alpaka-vill","12":"product_tag-alpaka-villane","13":"product_tag-alpakalong","14":"product_tag-alpakamuts","15":"product_tag-alpakavill","16":"product_tag-alpakavillane-long","17":"product_tag-alpakavillane-muts","18":"product_tag-muts","20":"first","21":"instock","22":"featured","23":"taxable","24":"shipping-taxable","25":"purchasable","26":"product-type-variable"},"_links":{"self":[{"href":"https:\/\/wile.ee\/ru\/wp-json\/wp\/v2\/product\/4681","targetHints":{"allow":["GET"]}}],"collection":[{"href":"https:\/\/wile.ee\/ru\/wp-json\/wp\/v2\/product"}],"about":[{"href":"https:\/\/wile.ee\/ru\/wp-json\/wp\/v2\/types\/product"}],"replies":[{"embeddable":true,"href":"https:\/\/wile.ee\/ru\/wp-json\/wp\/v2\/comments?post=4681"}],"wp:featuredmedia":[{"embeddable":true,"href":"https:\/\/wile.ee\/ru\/wp-json\/wp\/v2\/media\/5767"}],"wp:attachment":[{"href":"https:\/\/wile.ee\/ru\/wp-json\/wp\/v2\/media?parent=4681"}],"wp:term":[{"taxonomy":"product_brand","embeddable":true,"href":"https:\/\/wile.ee\/ru\/wp-json\/wp\/v2\/product_brand?post=4681"},{"taxonomy":"product_cat","embeddable":true,"href":"https:\/\/wile.ee\/ru\/wp-json\/wp\/v2\/product_cat?post=4681"},{"taxonomy":"product_tag","embeddable":true,"href":"https:\/\/wile.ee\/ru\/wp-json\/wp\/v2\/product_tag?post=4681"}],"curies":[{"name":"wp","href":"https:\/\/api.w.org\/{rel}","templated":true}]}}