{"id":4650,"date":"2023-10-12T04:18:00","date_gmt":"2023-10-12T04:18:00","guid":{"rendered":"https:\/\/wile.ee\/?post_type=product&#038;p=4650"},"modified":"2025-12-22T17:47:03","modified_gmt":"2025-12-22T16:47:03","slug":"segulong-alpaka-ja-lammas","status":"publish","type":"product","link":"https:\/\/wile.ee\/ru\/toode\/segulong-alpaka-ja-lammas\/","title":{"rendered":"Segul\u00f5ng alpaka ja lammas"},"content":{"rendered":"","protected":false},"excerpt":{"rendered":"<p>Alpaka- ja lambavillasegune l\u00f5ng, kuhu on lisatud 50% alpakavilla ja 50% lambavilla.<\/p>\n<p>Alpakavill annab l\u00f5ngale pehmust, l\u00e4iget ja v\u00e4vi, lambavill annab juurde karusust.<\/p>\n<p>L\u00f5ngavihid on 100 grammised. 100 grammis on umbes 170 meetrit.<\/p>\n<p>Beez l\u00f5ng on saadud tumedamast beezist alpaka- ja valgest lambavillast.<\/p>\n<p>Pruunikas l\u00f5ng on segu pruunist alpaka- ja valgest lambavillast.<\/p>\n","protected":false},"featured_media":4656,"comment_status":"closed","ping_status":"closed","template":"","meta":[],"product_brand":[],"product_cat":[55],"product_tag":[311,466,460,469,297,467,502],"class_list":{"0":"post-4650","1":"product","2":"type-product","3":"status-publish","4":"has-post-thumbnail","6":"product_cat-long","7":"product_tag-alpaka","8":"product_tag-alpaka-long","9":"product_tag-alpakalong","10":"product_tag-alpakavill","11":"product_tag-alpakavillane","12":"product_tag-alpakavillane-long","13":"product_tag-long","15":"first","16":"instock","17":"sale","18":"taxable","19":"shipping-taxable","20":"purchasable","21":"product-type-variable"},"_links":{"self":[{"href":"https:\/\/wile.ee\/ru\/wp-json\/wp\/v2\/product\/4650","targetHints":{"allow":["GET"]}}],"collection":[{"href":"https:\/\/wile.ee\/ru\/wp-json\/wp\/v2\/product"}],"about":[{"href":"https:\/\/wile.ee\/ru\/wp-json\/wp\/v2\/types\/product"}],"replies":[{"embeddable":true,"href":"https:\/\/wile.ee\/ru\/wp-json\/wp\/v2\/comments?post=4650"}],"wp:featuredmedia":[{"embeddable":true,"href":"https:\/\/wile.ee\/ru\/wp-json\/wp\/v2\/media\/4656"}],"wp:attachment":[{"href":"https:\/\/wile.ee\/ru\/wp-json\/wp\/v2\/media?parent=4650"}],"wp:term":[{"taxonomy":"product_brand","embeddable":true,"href":"https:\/\/wile.ee\/ru\/wp-json\/wp\/v2\/product_brand?post=4650"},{"taxonomy":"product_cat","embeddable":true,"href":"https:\/\/wile.ee\/ru\/wp-json\/wp\/v2\/product_cat?post=4650"},{"taxonomy":"product_tag","embeddable":true,"href":"https:\/\/wile.ee\/ru\/wp-json\/wp\/v2\/product_tag?post=4650"}],"curies":[{"name":"wp","href":"https:\/\/api.w.org\/{rel}","templated":true}]}}