{"id":447,"date":"2020-09-16T13:56:35","date_gmt":"2020-09-16T13:56:35","guid":{"rendered":"https:\/\/wile.ee\/toode\/import-placeholder-for-mp1\/"},"modified":"2026-04-10T18:12:34","modified_gmt":"2026-04-10T17:12:34","slug":"peapael","status":"publish","type":"product","link":"https:\/\/wile.ee\/ru\/toode\/peapael\/","title":{"rendered":"Alpakavillane peapael"},"content":{"rendered":"","protected":false},"excerpt":{"rendered":"<p>100% alpakavillane peapael on mugav ja moodne. Peapael hoiab k\u00f5rvad soojas ja seda on m\u00f5nus kanda juba esimeste k\u00fclmemate ilmade saabudes, aga miks mitte panna seda p\u00e4he ka jahedamal suve\u00f5htul.<\/p>\n<p>Peapaela suurus on universaalne, sobides nii suurele kui v\u00e4iksemale kandjale.<\/p>\n<p>Kootud Eestis k\u00e4sikudumismasinal.<\/p>\n<p>Alpakavill on lambavillast kordi soojem, hingav ning ei sisalda lanoliini, olles seega allergiavaba.<\/p>\n<p>&nbsp;<\/p>\n","protected":false},"featured_media":2555,"comment_status":"closed","ping_status":"closed","template":"","meta":[],"product_brand":[],"product_cat":[22,40],"product_tag":[311,465,479,331,477,481,478,297,458,476,480],"class_list":{"0":"post-447","1":"product","2":"type-product","3":"status-publish","4":"has-post-thumbnail","6":"product_cat-alpakavillast-tooted","7":"product_cat-mutsid","8":"product_tag-alpaka","9":"product_tag-alpaka-muts","10":"product_tag-alpaka-peapael","11":"product_tag-alpaka-villane","12":"product_tag-alpaka-villane-muts","13":"product_tag-alpaka-villane-peapael","14":"product_tag-alpakamuts","15":"product_tag-alpakavillane","16":"product_tag-alpakavillane-muts","17":"product_tag-muts","18":"product_tag-peapael","20":"first","21":"instock","22":"featured","23":"taxable","24":"shipping-taxable","25":"purchasable","26":"product-type-variable"},"_links":{"self":[{"href":"https:\/\/wile.ee\/ru\/wp-json\/wp\/v2\/product\/447","targetHints":{"allow":["GET"]}}],"collection":[{"href":"https:\/\/wile.ee\/ru\/wp-json\/wp\/v2\/product"}],"about":[{"href":"https:\/\/wile.ee\/ru\/wp-json\/wp\/v2\/types\/product"}],"replies":[{"embeddable":true,"href":"https:\/\/wile.ee\/ru\/wp-json\/wp\/v2\/comments?post=447"}],"wp:featuredmedia":[{"embeddable":true,"href":"https:\/\/wile.ee\/ru\/wp-json\/wp\/v2\/media\/2555"}],"wp:attachment":[{"href":"https:\/\/wile.ee\/ru\/wp-json\/wp\/v2\/media?parent=447"}],"wp:term":[{"taxonomy":"product_brand","embeddable":true,"href":"https:\/\/wile.ee\/ru\/wp-json\/wp\/v2\/product_brand?post=447"},{"taxonomy":"product_cat","embeddable":true,"href":"https:\/\/wile.ee\/ru\/wp-json\/wp\/v2\/product_cat?post=447"},{"taxonomy":"product_tag","embeddable":true,"href":"https:\/\/wile.ee\/ru\/wp-json\/wp\/v2\/product_tag?post=447"}],"curies":[{"name":"wp","href":"https:\/\/api.w.org\/{rel}","templated":true}]}}