{"id":4452,"date":"2023-08-09T13:42:22","date_gmt":"2023-08-09T13:42:22","guid":{"rendered":"https:\/\/wile.ee\/?post_type=product&#038;p=4452"},"modified":"2025-12-14T18:41:37","modified_gmt":"2025-12-14T17:41:37","slug":"alpakavillased-pitssormikud","status":"publish","type":"product","link":"https:\/\/wile.ee\/ru\/toode\/alpakavillased-pitssormikud\/","title":{"rendered":"Alpakavillased pitss\u00f5rmikud"},"content":{"rendered":"","protected":false},"excerpt":{"rendered":"<p><span style=\"font-weight: 400;\">Alpakavillased s\u00f5rmikud, mille k\u00e4epealset osa ilmestab ajatu pitsiline muster. S\u00f5rmikud on saadaval erinevates looduslikes alpakatoonides.<\/span><\/p>\n<p><span style=\"font-weight: 400;\">Alpakavillased s\u00f5rmikud on parim valik k\u00fclmal talvep\u00e4eval ja suureks abiks k\u00fclmetavatele k\u00e4tele s\u00fcgisest kevadeni. Elegantse aksessuaarina sobivad need alpaka s\u00f5rmikud ideaalselt ka kost\u00fc\u00fcmi ja mantliga kandmiseks.<\/span><\/p>\n<p><span style=\"font-weight: 400;\">Alpakavill on lambavillast kordi pehmem ja soojem, hingav ning ei sisalda lanoliini, olles seega allergiavaba.<\/span><\/p>\n<p><span style=\"font-weight: 400;\">S\u00f5rmikud on kootud Kesk-Eestis, T\u00fcril.<\/span><\/p>\n","protected":false},"featured_media":4493,"comment_status":"closed","ping_status":"closed","template":"","meta":[],"product_brand":[],"product_cat":[22,23],"product_tag":[311,297,312],"class_list":{"0":"post-4452","1":"product","2":"type-product","3":"status-publish","4":"has-post-thumbnail","6":"product_cat-alpakavillast-tooted","7":"product_cat-kindad","8":"product_tag-alpaka","9":"product_tag-alpakavillane","10":"product_tag-sormikud","12":"first","13":"instock","14":"taxable","15":"shipping-taxable","16":"purchasable","17":"product-type-variable"},"_links":{"self":[{"href":"https:\/\/wile.ee\/ru\/wp-json\/wp\/v2\/product\/4452","targetHints":{"allow":["GET"]}}],"collection":[{"href":"https:\/\/wile.ee\/ru\/wp-json\/wp\/v2\/product"}],"about":[{"href":"https:\/\/wile.ee\/ru\/wp-json\/wp\/v2\/types\/product"}],"replies":[{"embeddable":true,"href":"https:\/\/wile.ee\/ru\/wp-json\/wp\/v2\/comments?post=4452"}],"wp:featuredmedia":[{"embeddable":true,"href":"https:\/\/wile.ee\/ru\/wp-json\/wp\/v2\/media\/4493"}],"wp:attachment":[{"href":"https:\/\/wile.ee\/ru\/wp-json\/wp\/v2\/media?parent=4452"}],"wp:term":[{"taxonomy":"product_brand","embeddable":true,"href":"https:\/\/wile.ee\/ru\/wp-json\/wp\/v2\/product_brand?post=4452"},{"taxonomy":"product_cat","embeddable":true,"href":"https:\/\/wile.ee\/ru\/wp-json\/wp\/v2\/product_cat?post=4452"},{"taxonomy":"product_tag","embeddable":true,"href":"https:\/\/wile.ee\/ru\/wp-json\/wp\/v2\/product_tag?post=4452"}],"curies":[{"name":"wp","href":"https:\/\/api.w.org\/{rel}","templated":true}]}}