{"id":443,"date":"2020-09-16T13:56:15","date_gmt":"2020-09-16T13:56:15","guid":{"rendered":"https:\/\/wile.ee\/toode\/import-placeholder-for-mu8\/"},"modified":"2026-02-13T19:09:12","modified_gmt":"2026-02-13T18:09:12","slug":"palmikuga-muts","status":"publish","type":"product","link":"https:\/\/wile.ee\/ru\/toode\/palmikuga-muts\/","title":{"rendered":"Alpakam\u00fcts Palmik"},"content":{"rendered":"","protected":false},"excerpt":{"rendered":"<p data-start=\"129\" data-end=\"418\">See veidi pikem, pehmest alpakavillast kootud m\u00fcts on kaunistatud \u00fcle m\u00fctsi jooksva palmikuga, mida t\u00e4iustavad v\u00e4iksemad palmikud m\u00fctsi \u00e4\u00e4rel. Tulemuseks on kaunis ja naiselik talvem\u00fcts, mis lisab igale riietusele elegantset soojust.<\/p>\n<p data-start=\"420\" data-end=\"535\">Alpakavill on mitu korda soojem kui lambavill, hingav ja ei sisalda lanoliini \u2013 seega sobib ka tundlikule nahale.<\/p>\n<p data-start=\"537\" data-end=\"585\">K\u00e4sitsi kootud armastusega Kesk-Eestis, T\u00fcril.<\/p>\n","protected":false},"featured_media":3219,"comment_status":"closed","ping_status":"closed","template":"","meta":[],"product_brand":[],"product_cat":[22,40],"product_tag":[311,465,331,477,478,297,458,476],"class_list":{"0":"post-443","1":"product","2":"type-product","3":"status-publish","4":"has-post-thumbnail","6":"product_cat-alpakavillast-tooted","7":"product_cat-mutsid","8":"product_tag-alpaka","9":"product_tag-alpaka-muts","10":"product_tag-alpaka-villane","11":"product_tag-alpaka-villane-muts","12":"product_tag-alpakamuts","13":"product_tag-alpakavillane","14":"product_tag-alpakavillane-muts","15":"product_tag-muts","17":"first","18":"instock","19":"taxable","20":"shipping-taxable","21":"purchasable","22":"product-type-variable"},"_links":{"self":[{"href":"https:\/\/wile.ee\/ru\/wp-json\/wp\/v2\/product\/443","targetHints":{"allow":["GET"]}}],"collection":[{"href":"https:\/\/wile.ee\/ru\/wp-json\/wp\/v2\/product"}],"about":[{"href":"https:\/\/wile.ee\/ru\/wp-json\/wp\/v2\/types\/product"}],"replies":[{"embeddable":true,"href":"https:\/\/wile.ee\/ru\/wp-json\/wp\/v2\/comments?post=443"}],"wp:featuredmedia":[{"embeddable":true,"href":"https:\/\/wile.ee\/ru\/wp-json\/wp\/v2\/media\/3219"}],"wp:attachment":[{"href":"https:\/\/wile.ee\/ru\/wp-json\/wp\/v2\/media?parent=443"}],"wp:term":[{"taxonomy":"product_brand","embeddable":true,"href":"https:\/\/wile.ee\/ru\/wp-json\/wp\/v2\/product_brand?post=443"},{"taxonomy":"product_cat","embeddable":true,"href":"https:\/\/wile.ee\/ru\/wp-json\/wp\/v2\/product_cat?post=443"},{"taxonomy":"product_tag","embeddable":true,"href":"https:\/\/wile.ee\/ru\/wp-json\/wp\/v2\/product_tag?post=443"}],"curies":[{"name":"wp","href":"https:\/\/api.w.org\/{rel}","templated":true}]}}