{"id":442,"date":"2020-09-16T13:56:14","date_gmt":"2020-09-16T13:56:14","guid":{"rendered":"https:\/\/wile.ee\/toode\/import-placeholder-for-mu2\/"},"modified":"2026-01-05T16:18:31","modified_gmt":"2026-01-05T15:18:31","slug":"muts-2","status":"publish","type":"product","link":"https:\/\/wile.ee\/ru\/toode\/muts-2\/","title":{"rendered":"Alpakavillane m\u00fcts"},"content":{"rendered":"","protected":false},"excerpt":{"rendered":"<p>Seda lihtsat ja mugavat 100% alpakavillast m\u00fctsi sobib kanda kohe kui ilm s\u00fcgiseseks kisub.<\/p>\n<p>Ehkki seda alpaka m\u00fctsi kannavad ka naised ja lapsed, on see olnud l\u00e4bi aastate k\u00f5ige armastatuim meeste poolt kantud m\u00fcts. See m\u00fcts on alati moes ja sobib kandmiseks igas olukorras.<\/p>\n<p>Suurus on universaalne.<\/p>\n<p>Alpakavill on lambavillast kordi soojem, hingav ning ei sisalda lanoliini, olles seega allergiavaba.<\/p>\n<p>M\u00fcts on kootud k\u00e4sitsi Kesk-Eestis, T\u00fcril.<\/p>\n<p>NB! Juhul kui toode on laost otsas, v\u00f5ta meiega \u00fchendust: <a href=\"mailto:info@wile.ee\">info@wile.ee<\/a><\/p>\n","protected":false},"featured_media":431,"comment_status":"closed","ping_status":"closed","template":"","meta":[],"product_brand":[],"product_cat":[22,40],"product_tag":[311,465,331,477,478,297,458,476],"class_list":{"0":"post-442","1":"product","2":"type-product","3":"status-publish","4":"has-post-thumbnail","6":"product_cat-alpakavillast-tooted","7":"product_cat-mutsid","8":"product_tag-alpaka","9":"product_tag-alpaka-muts","10":"product_tag-alpaka-villane","11":"product_tag-alpaka-villane-muts","12":"product_tag-alpakamuts","13":"product_tag-alpakavillane","14":"product_tag-alpakavillane-muts","15":"product_tag-muts","17":"first","18":"instock","19":"taxable","20":"shipping-taxable","21":"purchasable","22":"product-type-variable"},"_links":{"self":[{"href":"https:\/\/wile.ee\/ru\/wp-json\/wp\/v2\/product\/442","targetHints":{"allow":["GET"]}}],"collection":[{"href":"https:\/\/wile.ee\/ru\/wp-json\/wp\/v2\/product"}],"about":[{"href":"https:\/\/wile.ee\/ru\/wp-json\/wp\/v2\/types\/product"}],"replies":[{"embeddable":true,"href":"https:\/\/wile.ee\/ru\/wp-json\/wp\/v2\/comments?post=442"}],"wp:featuredmedia":[{"embeddable":true,"href":"https:\/\/wile.ee\/ru\/wp-json\/wp\/v2\/media\/431"}],"wp:attachment":[{"href":"https:\/\/wile.ee\/ru\/wp-json\/wp\/v2\/media?parent=442"}],"wp:term":[{"taxonomy":"product_brand","embeddable":true,"href":"https:\/\/wile.ee\/ru\/wp-json\/wp\/v2\/product_brand?post=442"},{"taxonomy":"product_cat","embeddable":true,"href":"https:\/\/wile.ee\/ru\/wp-json\/wp\/v2\/product_cat?post=442"},{"taxonomy":"product_tag","embeddable":true,"href":"https:\/\/wile.ee\/ru\/wp-json\/wp\/v2\/product_tag?post=442"}],"curies":[{"name":"wp","href":"https:\/\/api.w.org\/{rel}","templated":true}]}}