{"id":441,"date":"2020-09-16T13:56:14","date_gmt":"2020-09-16T13:56:14","guid":{"rendered":"https:\/\/wile.ee\/toode\/import-placeholder-for-mu3\/"},"modified":"2026-03-10T12:01:59","modified_gmt":"2026-03-10T11:01:59","slug":"muts","status":"publish","type":"product","link":"https:\/\/wile.ee\/ru\/toode\/muts\/","title":{"rendered":"Alpakam\u00fcts Beckham"},"content":{"rendered":"","protected":false},"excerpt":{"rendered":"<p>Alpakavillane pikem m\u00fcts Beckham on kootud soonikkoes. See on mugav iga ilma m\u00fcts, mida v\u00f5id kanda ka aastaringi.<\/p>\n<p>See m\u00fcts on alati moes ja sobib aksessuaariks nii jope kui mantli juurde.<\/p>\n<p>Suurus on universaalne.<\/p>\n<p>Alpakavill on lambavillast kordi soojem, hingav ning ei sisalda lanoliini, olles seega allergiavaba.<\/p>\n<p>M\u00fcts on kootud k\u00e4sitsi Kesk-Eestis, T\u00fcril.<\/p>\n","protected":false},"featured_media":2862,"comment_status":"closed","ping_status":"closed","template":"","meta":[],"product_brand":[],"product_cat":[22,40],"product_tag":[311,465,331,477,478,297,458],"class_list":{"0":"post-441","1":"product","2":"type-product","3":"status-publish","4":"has-post-thumbnail","6":"product_cat-alpakavillast-tooted","7":"product_cat-mutsid","8":"product_tag-alpaka","9":"product_tag-alpaka-muts","10":"product_tag-alpaka-villane","11":"product_tag-alpaka-villane-muts","12":"product_tag-alpakamuts","13":"product_tag-alpakavillane","14":"product_tag-alpakavillane-muts","16":"first","17":"instock","18":"taxable","19":"shipping-taxable","20":"purchasable","21":"product-type-variable"},"_links":{"self":[{"href":"https:\/\/wile.ee\/ru\/wp-json\/wp\/v2\/product\/441","targetHints":{"allow":["GET"]}}],"collection":[{"href":"https:\/\/wile.ee\/ru\/wp-json\/wp\/v2\/product"}],"about":[{"href":"https:\/\/wile.ee\/ru\/wp-json\/wp\/v2\/types\/product"}],"replies":[{"embeddable":true,"href":"https:\/\/wile.ee\/ru\/wp-json\/wp\/v2\/comments?post=441"}],"wp:featuredmedia":[{"embeddable":true,"href":"https:\/\/wile.ee\/ru\/wp-json\/wp\/v2\/media\/2862"}],"wp:attachment":[{"href":"https:\/\/wile.ee\/ru\/wp-json\/wp\/v2\/media?parent=441"}],"wp:term":[{"taxonomy":"product_brand","embeddable":true,"href":"https:\/\/wile.ee\/ru\/wp-json\/wp\/v2\/product_brand?post=441"},{"taxonomy":"product_cat","embeddable":true,"href":"https:\/\/wile.ee\/ru\/wp-json\/wp\/v2\/product_cat?post=441"},{"taxonomy":"product_tag","embeddable":true,"href":"https:\/\/wile.ee\/ru\/wp-json\/wp\/v2\/product_tag?post=441"}],"curies":[{"name":"wp","href":"https:\/\/api.w.org\/{rel}","templated":true}]}}