{"id":3890,"date":"2023-03-29T12:31:24","date_gmt":"2023-03-29T12:31:24","guid":{"rendered":"https:\/\/wile.ee\/?post_type=product&#038;p=3890"},"modified":"2026-03-05T16:42:41","modified_gmt":"2026-03-05T15:42:41","slug":"alpakavillased-tugevdusega-triibusokid","status":"publish","type":"product","link":"https:\/\/wile.ee\/ru\/toode\/alpakavillased-tugevdusega-triibusokid\/","title":{"rendered":"Alpakavillased tugevdusega triibusokid"},"content":{"rendered":"<p>&nbsp;<\/p>\n<p>&nbsp;<\/p>\n","protected":false},"excerpt":{"rendered":"<p data-start=\"155\" data-end=\"442\">Soojad ja l\u00f5busad triibulised alpakavillasokid hoiavad varbad m\u00f5nusalt soojas nii sombusel s\u00fcgisel kui ka k\u00fclmal talvel.<br data-start=\"305\" data-end=\"308\" \/>Et sokid kestaksid kauem ja peaksid paremini vastu, oleme talla alla, varbaossa ja kanna tugevdamiseks lisanud peene pol\u00fcesterniidi.<\/p>\n<p data-start=\"444\" data-end=\"484\">Kootud armastusega Kesk-Eestis, T\u00fcril.<\/p>\n<p>&nbsp;<\/p>\n","protected":false},"featured_media":5317,"comment_status":"closed","ping_status":"closed","template":"","meta":[],"product_brand":[],"product_cat":[22,49],"product_tag":[311,331,461,297,300],"class_list":{"0":"post-3890","1":"product","2":"type-product","3":"status-publish","4":"has-post-thumbnail","6":"product_cat-alpakavillast-tooted","7":"product_cat-sokid","8":"product_tag-alpaka","9":"product_tag-alpaka-villane","10":"product_tag-alpakasokid","11":"product_tag-alpakavillane","12":"product_tag-sokid","14":"first","15":"instock","16":"sale","17":"featured","18":"taxable","19":"shipping-taxable","20":"purchasable","21":"product-type-variable"},"_links":{"self":[{"href":"https:\/\/wile.ee\/ru\/wp-json\/wp\/v2\/product\/3890","targetHints":{"allow":["GET"]}}],"collection":[{"href":"https:\/\/wile.ee\/ru\/wp-json\/wp\/v2\/product"}],"about":[{"href":"https:\/\/wile.ee\/ru\/wp-json\/wp\/v2\/types\/product"}],"replies":[{"embeddable":true,"href":"https:\/\/wile.ee\/ru\/wp-json\/wp\/v2\/comments?post=3890"}],"wp:featuredmedia":[{"embeddable":true,"href":"https:\/\/wile.ee\/ru\/wp-json\/wp\/v2\/media\/5317"}],"wp:attachment":[{"href":"https:\/\/wile.ee\/ru\/wp-json\/wp\/v2\/media?parent=3890"}],"wp:term":[{"taxonomy":"product_brand","embeddable":true,"href":"https:\/\/wile.ee\/ru\/wp-json\/wp\/v2\/product_brand?post=3890"},{"taxonomy":"product_cat","embeddable":true,"href":"https:\/\/wile.ee\/ru\/wp-json\/wp\/v2\/product_cat?post=3890"},{"taxonomy":"product_tag","embeddable":true,"href":"https:\/\/wile.ee\/ru\/wp-json\/wp\/v2\/product_tag?post=3890"}],"curies":[{"name":"wp","href":"https:\/\/api.w.org\/{rel}","templated":true}]}}