{"id":3859,"date":"2023-03-28T07:22:57","date_gmt":"2023-03-28T07:22:57","guid":{"rendered":"https:\/\/wile.ee\/?post_type=product&#038;p=3859"},"modified":"2025-12-18T17:04:36","modified_gmt":"2025-12-18T16:04:36","slug":"alpakavillased-katised","status":"publish","type":"product","link":"https:\/\/wile.ee\/ru\/toode\/alpakavillased-katised\/","title":{"rendered":"Alpakavillased soonikk\u00e4tised"},"content":{"rendered":"","protected":false},"excerpt":{"rendered":"<p>Alpakavillased p\u00f6idlaga soonikk\u00e4tised.<\/p>\n<p>Alpakavillased k\u00e4tised sobivad kandmiseks soojemal talvep\u00e4eval ja ka k\u00fclmemal suve\u00f5htul, k\u00fclmemates kontorites on k\u00e4tised heaks abivahendiks arvutiga t\u00f6\u00f6tajatele. K\u00e4tised j\u00e4tavad s\u00f5rmed vabaks v\u00f5imaldades kasutada mugavalt nutitelefoni.<\/p>\n<p>K\u00e4tiste pikkus 25cm.<\/p>\n<p>Suurus: universaalne.<\/p>\n<p>Valmistatud Eestis.<\/p>\n","protected":false},"featured_media":4520,"comment_status":"closed","ping_status":"closed","template":"","meta":[],"product_brand":[],"product_cat":[22,23],"product_tag":[311,331,462,297,298],"class_list":{"0":"post-3859","1":"product","2":"type-product","3":"status-publish","4":"has-post-thumbnail","6":"product_cat-alpakavillast-tooted","7":"product_cat-kindad","8":"product_tag-alpaka","9":"product_tag-alpaka-villane","10":"product_tag-alpakakatised","11":"product_tag-alpakavillane","12":"product_tag-katised","14":"first","15":"instock","16":"featured","17":"taxable","18":"shipping-taxable","19":"purchasable","20":"product-type-variable"},"_links":{"self":[{"href":"https:\/\/wile.ee\/ru\/wp-json\/wp\/v2\/product\/3859","targetHints":{"allow":["GET"]}}],"collection":[{"href":"https:\/\/wile.ee\/ru\/wp-json\/wp\/v2\/product"}],"about":[{"href":"https:\/\/wile.ee\/ru\/wp-json\/wp\/v2\/types\/product"}],"replies":[{"embeddable":true,"href":"https:\/\/wile.ee\/ru\/wp-json\/wp\/v2\/comments?post=3859"}],"wp:featuredmedia":[{"embeddable":true,"href":"https:\/\/wile.ee\/ru\/wp-json\/wp\/v2\/media\/4520"}],"wp:attachment":[{"href":"https:\/\/wile.ee\/ru\/wp-json\/wp\/v2\/media?parent=3859"}],"wp:term":[{"taxonomy":"product_brand","embeddable":true,"href":"https:\/\/wile.ee\/ru\/wp-json\/wp\/v2\/product_brand?post=3859"},{"taxonomy":"product_cat","embeddable":true,"href":"https:\/\/wile.ee\/ru\/wp-json\/wp\/v2\/product_cat?post=3859"},{"taxonomy":"product_tag","embeddable":true,"href":"https:\/\/wile.ee\/ru\/wp-json\/wp\/v2\/product_tag?post=3859"}],"curies":[{"name":"wp","href":"https:\/\/api.w.org\/{rel}","templated":true}]}}