{"id":3714,"date":"2023-02-15T08:24:41","date_gmt":"2023-02-15T08:24:41","guid":{"rendered":"https:\/\/wile.ee\/?post_type=product&#038;p=3714"},"modified":"2026-02-13T19:06:49","modified_gmt":"2026-02-13T18:06:49","slug":"alpakavillased-sormikud-imre","status":"publish","type":"product","link":"https:\/\/wile.ee\/ru\/toode\/alpakavillased-sormikud-imre\/","title":{"rendered":"Alpakavillased s\u00f5rmikud Imre"},"content":{"rendered":"","protected":false},"excerpt":{"rendered":"<p><span style=\"font-size: 11.0pt; font-family: 'Arial',sans-serif;\">Lihtsad, tihedas koes soonikus randmeosaga 100% alpakavillased s\u00f5rmikud on m\u00f5nusad ja pehmed ning hoiavad k\u00e4ed pakase eest soojas.<\/span><\/p>\n<p><span style=\"font-size: 11.0pt; font-family: 'Arial',sans-serif;\">Need alpakavillased s\u00f5rmikud on eatud, ajatud ja sootud ehk sobivad kandmiseks igas vanuses, igal pool ja nii meestele kui naistele.<\/span><\/p>\n<p><span style=\"font-size: 11.0pt; font-family: 'Arial',sans-serif;\">Alpakavill on lambavillast kordi soojem, hingav ning ei sisalda lanoliini, olles seega allergiavaba.<\/span><\/p>\n<p><span style=\"font-size: 11.0pt; font-family: 'Arial',sans-serif;\">S\u00f5rmikud on kootud Kesk-Eestis, T\u00fcril.<\/span><\/p>\n","protected":false},"featured_media":4561,"comment_status":"closed","ping_status":"closed","template":"","meta":[],"product_brand":[],"product_cat":[22,23],"product_tag":[311,297,312],"class_list":{"0":"post-3714","1":"product","2":"type-product","3":"status-publish","4":"has-post-thumbnail","6":"product_cat-alpakavillast-tooted","7":"product_cat-kindad","8":"product_tag-alpaka","9":"product_tag-alpakavillane","10":"product_tag-sormikud","12":"first","13":"instock","14":"featured","15":"taxable","16":"shipping-taxable","17":"purchasable","18":"product-type-variable"},"_links":{"self":[{"href":"https:\/\/wile.ee\/ru\/wp-json\/wp\/v2\/product\/3714","targetHints":{"allow":["GET"]}}],"collection":[{"href":"https:\/\/wile.ee\/ru\/wp-json\/wp\/v2\/product"}],"about":[{"href":"https:\/\/wile.ee\/ru\/wp-json\/wp\/v2\/types\/product"}],"replies":[{"embeddable":true,"href":"https:\/\/wile.ee\/ru\/wp-json\/wp\/v2\/comments?post=3714"}],"wp:featuredmedia":[{"embeddable":true,"href":"https:\/\/wile.ee\/ru\/wp-json\/wp\/v2\/media\/4561"}],"wp:attachment":[{"href":"https:\/\/wile.ee\/ru\/wp-json\/wp\/v2\/media?parent=3714"}],"wp:term":[{"taxonomy":"product_brand","embeddable":true,"href":"https:\/\/wile.ee\/ru\/wp-json\/wp\/v2\/product_brand?post=3714"},{"taxonomy":"product_cat","embeddable":true,"href":"https:\/\/wile.ee\/ru\/wp-json\/wp\/v2\/product_cat?post=3714"},{"taxonomy":"product_tag","embeddable":true,"href":"https:\/\/wile.ee\/ru\/wp-json\/wp\/v2\/product_tag?post=3714"}],"curies":[{"name":"wp","href":"https:\/\/api.w.org\/{rel}","templated":true}]}}