{"id":3701,"date":"2023-02-15T08:17:34","date_gmt":"2023-02-15T08:17:34","guid":{"rendered":"https:\/\/wile.ee\/?post_type=product&#038;p=3701"},"modified":"2026-03-30T08:26:05","modified_gmt":"2026-03-30T07:26:05","slug":"alapakavillane-muts-grunge","status":"publish","type":"product","link":"https:\/\/wile.ee\/ru\/toode\/alapakavillane-muts-grunge\/","title":{"rendered":"Alapakavillane m\u00fcts Grunge"},"content":{"rendered":"","protected":false},"excerpt":{"rendered":"<p><span style=\"font-weight: 400;\">Soe ja pehme alpakavillane m\u00fcts Grunge on kootud kahekordsena, et hoida sinu pea soojas ka k\u00fclmematel talvep\u00e4evadel. M\u00fctsi pikkus on 29 cm.<\/span><\/p>\n<p><span style=\"font-weight: 400;\">Grunge m\u00fcts on stiilne, pretensioonitu ja sootu, sobides seega kandmiseks nii naistele kui ka meestele. Selle m\u00fctsiga v\u00f5id minna nii rabamatkale kui kasutada seda aksessuaarina mantli juurde teatrisse minnes.<\/span><\/p>\n<p><span style=\"font-weight: 400;\">\u00c4ra lase k\u00fclmal talveilmal ennast heidutada ja pane p\u00e4he alpakavillane m\u00fcts!<\/span><\/p>\n<p><span style=\"font-weight: 400;\">Alpakavill on lambavillast kordi pehmem ja soojem, hingav ning ei sisalda lanoliini, olles seega allergiavaba.<\/span><\/p>\n<p><span style=\"font-weight: 400;\">M\u00fcts on kootud Kesk-Eestis, T\u00fcril.<\/span><\/p>\n<p>&nbsp;<\/p>\n","protected":false},"featured_media":4070,"comment_status":"closed","ping_status":"closed","template":"","meta":[],"product_brand":[],"product_cat":[22,40],"product_tag":[311,465,331,297,458],"class_list":{"0":"post-3701","1":"product","2":"type-product","3":"status-publish","4":"has-post-thumbnail","6":"product_cat-alpakavillast-tooted","7":"product_cat-mutsid","8":"product_tag-alpaka","9":"product_tag-alpaka-muts","10":"product_tag-alpaka-villane","11":"product_tag-alpakavillane","12":"product_tag-alpakavillane-muts","14":"first","15":"instock","16":"featured","17":"taxable","18":"shipping-taxable","19":"purchasable","20":"product-type-variable"},"_links":{"self":[{"href":"https:\/\/wile.ee\/ru\/wp-json\/wp\/v2\/product\/3701","targetHints":{"allow":["GET"]}}],"collection":[{"href":"https:\/\/wile.ee\/ru\/wp-json\/wp\/v2\/product"}],"about":[{"href":"https:\/\/wile.ee\/ru\/wp-json\/wp\/v2\/types\/product"}],"replies":[{"embeddable":true,"href":"https:\/\/wile.ee\/ru\/wp-json\/wp\/v2\/comments?post=3701"}],"wp:featuredmedia":[{"embeddable":true,"href":"https:\/\/wile.ee\/ru\/wp-json\/wp\/v2\/media\/4070"}],"wp:attachment":[{"href":"https:\/\/wile.ee\/ru\/wp-json\/wp\/v2\/media?parent=3701"}],"wp:term":[{"taxonomy":"product_brand","embeddable":true,"href":"https:\/\/wile.ee\/ru\/wp-json\/wp\/v2\/product_brand?post=3701"},{"taxonomy":"product_cat","embeddable":true,"href":"https:\/\/wile.ee\/ru\/wp-json\/wp\/v2\/product_cat?post=3701"},{"taxonomy":"product_tag","embeddable":true,"href":"https:\/\/wile.ee\/ru\/wp-json\/wp\/v2\/product_tag?post=3701"}],"curies":[{"name":"wp","href":"https:\/\/api.w.org\/{rel}","templated":true}]}}