{"id":3389,"date":"2022-10-05T11:07:02","date_gmt":"2022-10-05T11:07:02","guid":{"rendered":"https:\/\/wile.ee\/?post_type=product&#038;p=3389"},"modified":"2025-02-22T09:45:17","modified_gmt":"2025-02-22T09:45:17","slug":"alpakavillane-lastetekk-jaanioo","status":"publish","type":"product","link":"https:\/\/wile.ee\/ru\/toode\/alpakavillane-lastetekk-jaanioo\/","title":{"rendered":"Alpakavillane lastetekk"},"content":{"rendered":"<p>NB! Juhul kui toode on laost otsas, v\u00f5ta meiega \u00fchendust:\u00a0<a href=\"mailto:info@wile.ee\">info@wile.ee<\/a>.<\/p>\n<p>Hooldamine:<\/p>\n<p>Tuulutada v\u00e4rskes \u00f5hus.<\/p>\n<p>V\u00f5ib pesta pesumasinas villapesu\/k\u00e4sipesu programmiga (mitte rohkem kui 30C) juures. Pesuvahendiks sobib Flora villa- ja siidipesuvahend &#171;H\u00f5bel\u00f5ng&#187;. Kuivatada horisontaalselt.<\/p>\n","protected":false},"excerpt":{"rendered":"<p>Alpakavillase lasteteki suurus on 100&#215;130 cm.<\/p>\n<p>Alpakavillased tekid on soojad ja hingavad, sisaldavad 100% Wile Farmi alpakade villa, mida katab puuvillane riie. Tekid on saadaval kahes erinevas paksuses:<\/p>\n<p>Tekk &#171;Talve\u00f6\u00f6&#187; sobib k\u00fclmakartlikumale inimesele talveperioodil magamiseks v\u00f5i k\u00fclmemas magamistoas kasutamiseks. Villa kogus tekis: 500g\/m2.<\/p>\n<p>Tekid on pakitud puuvillasesse \u00f5lakotti.<\/p>\n<p>Valmistatud Eestis.<\/p>\n<p>&nbsp;<\/p>\n<p><em>Wile Farmis kasvanud alpakade villast valmistatud tekid kannavad Eesti Rahvakunsti ja K\u00e4sit\u00f6\u00f6 Liidu poolt v\u00e4ljastatud <strong>OMA<\/strong> m\u00e4rki. M\u00e4rk <strong>OMA<\/strong> t\u00e4histab Eesti loodusest p\u00e4rit eetiliselt kogutud ja t\u00f6\u00f6deldud materjali.<\/em><\/p>\n<p>&nbsp;<\/p>\n","protected":false},"featured_media":3390,"comment_status":"closed","ping_status":"closed","template":"","meta":[],"product_brand":[],"product_cat":[22,39,238],"product_tag":[311,331,314,297,313],"class_list":{"0":"post-3389","1":"product","2":"type-product","3":"status-publish","4":"has-post-thumbnail","6":"product_cat-alpakavillast-tooted","7":"product_cat-lastele","8":"product_cat-tekid","9":"product_tag-alpaka","10":"product_tag-alpaka-villane","11":"product_tag-alpakatekk","12":"product_tag-alpakavillane","13":"product_tag-alpakavillane-tekk","15":"first","16":"instock","17":"taxable","18":"shipping-taxable","19":"purchasable","20":"product-type-variable"},"_links":{"self":[{"href":"https:\/\/wile.ee\/ru\/wp-json\/wp\/v2\/product\/3389","targetHints":{"allow":["GET"]}}],"collection":[{"href":"https:\/\/wile.ee\/ru\/wp-json\/wp\/v2\/product"}],"about":[{"href":"https:\/\/wile.ee\/ru\/wp-json\/wp\/v2\/types\/product"}],"replies":[{"embeddable":true,"href":"https:\/\/wile.ee\/ru\/wp-json\/wp\/v2\/comments?post=3389"}],"wp:featuredmedia":[{"embeddable":true,"href":"https:\/\/wile.ee\/ru\/wp-json\/wp\/v2\/media\/3390"}],"wp:attachment":[{"href":"https:\/\/wile.ee\/ru\/wp-json\/wp\/v2\/media?parent=3389"}],"wp:term":[{"taxonomy":"product_brand","embeddable":true,"href":"https:\/\/wile.ee\/ru\/wp-json\/wp\/v2\/product_brand?post=3389"},{"taxonomy":"product_cat","embeddable":true,"href":"https:\/\/wile.ee\/ru\/wp-json\/wp\/v2\/product_cat?post=3389"},{"taxonomy":"product_tag","embeddable":true,"href":"https:\/\/wile.ee\/ru\/wp-json\/wp\/v2\/product_tag?post=3389"}],"curies":[{"name":"wp","href":"https:\/\/api.w.org\/{rel}","templated":true}]}}