{"id":3259,"date":"2022-04-28T15:29:55","date_gmt":"2022-04-28T15:29:55","guid":{"rendered":"https:\/\/wile.ee\/?post_type=product&#038;p=3259"},"modified":"2026-03-08T12:58:42","modified_gmt":"2026-03-08T11:58:42","slug":"alpakavillane-tekk","status":"publish","type":"product","link":"https:\/\/wile.ee\/ru\/toode\/alpakavillane-tekk\/","title":{"rendered":"Alpakavillane tekk &#171;Talve\u00f6\u00f6&#187;"},"content":{"rendered":"<p>NB! Juhul kui toode on laost otsas, v\u00f5ta meiega \u00fchendust:\u00a0<a href=\"mailto:info@wile.ee\">info@wile.ee<\/a>.<\/p>\n<p>Hooldamine:<\/p>\n<p>Tuulutada v\u00e4rskes \u00f5hus.<\/p>\n<p>V\u00f5ib pesta pesumasinas villapesu\/k\u00e4sipesu programmiga (mitte rohkem kui 30C) juures. Pesuvahendiks sobib Flora villa- ja siidipesuvahend &#171;H\u00f5bel\u00f5ng&#187;. Kuivatada horisontaalselt.<\/p>\n","protected":false},"excerpt":{"rendered":"<p>Alpakavillased tekid on soojad ja hingavad, sisaldavad 100% Wile Farmi alpakade villa, mida katab puuvillane riie. Alpakavillane tekk &#171;Talve\u00f6\u00f6&#187; sobib k\u00fclmakartlikumale inimesele talveperioodil magamiseks v\u00f5i k\u00fclmemas magamistoas kasutamiseks.<\/p>\n<p>Villa kogus tekis: 500g\/m2.<\/p>\n<p>Tekid on pakitud puuvillasesse \u00f5lakotti.<\/p>\n<p>Valmistatud Eestis.<\/p>\n<p>&nbsp;<\/p>\n<p><em>Wile Farmis kasvanud alpakade villast valmistatud tekid kannavad Eesti Rahvakunsti ja K\u00e4sit\u00f6\u00f6 Liidu poolt v\u00e4ljastatud <strong>OMA<\/strong> m\u00e4rki. M\u00e4rk <strong>OMA<\/strong> t\u00e4histab Eesti loodusest p\u00e4rit eetiliselt kogutud ja t\u00f6\u00f6deldud materjali.<\/em><\/p>\n<p>&nbsp;<\/p>\n","protected":false},"featured_media":3263,"comment_status":"closed","ping_status":"closed","template":"","meta":[],"product_brand":[],"product_cat":[22,238],"product_tag":[311,331,314,297,313],"class_list":{"0":"post-3259","1":"product","2":"type-product","3":"status-publish","4":"has-post-thumbnail","6":"product_cat-alpakavillast-tooted","7":"product_cat-tekid","8":"product_tag-alpaka","9":"product_tag-alpaka-villane","10":"product_tag-alpakatekk","11":"product_tag-alpakavillane","12":"product_tag-alpakavillane-tekk","14":"first","15":"instock","16":"featured","17":"taxable","18":"shipping-taxable","19":"purchasable","20":"product-type-variable"},"_links":{"self":[{"href":"https:\/\/wile.ee\/ru\/wp-json\/wp\/v2\/product\/3259","targetHints":{"allow":["GET"]}}],"collection":[{"href":"https:\/\/wile.ee\/ru\/wp-json\/wp\/v2\/product"}],"about":[{"href":"https:\/\/wile.ee\/ru\/wp-json\/wp\/v2\/types\/product"}],"replies":[{"embeddable":true,"href":"https:\/\/wile.ee\/ru\/wp-json\/wp\/v2\/comments?post=3259"}],"wp:featuredmedia":[{"embeddable":true,"href":"https:\/\/wile.ee\/ru\/wp-json\/wp\/v2\/media\/3263"}],"wp:attachment":[{"href":"https:\/\/wile.ee\/ru\/wp-json\/wp\/v2\/media?parent=3259"}],"wp:term":[{"taxonomy":"product_brand","embeddable":true,"href":"https:\/\/wile.ee\/ru\/wp-json\/wp\/v2\/product_brand?post=3259"},{"taxonomy":"product_cat","embeddable":true,"href":"https:\/\/wile.ee\/ru\/wp-json\/wp\/v2\/product_cat?post=3259"},{"taxonomy":"product_tag","embeddable":true,"href":"https:\/\/wile.ee\/ru\/wp-json\/wp\/v2\/product_tag?post=3259"}],"curies":[{"name":"wp","href":"https:\/\/api.w.org\/{rel}","templated":true}]}}